{"id":336,"date":"2020-07-08T19:12:16","date_gmt":"2020-07-08T19:12:16","guid":{"rendered":"https:\/\/fahrschule-am-ostendplatz.de\/?page_id=336"},"modified":"2020-08-01T20:55:13","modified_gmt":"2020-08-01T20:55:13","slug":"a","status":"publish","type":"page","link":"https:\/\/fahrschule-am-ostendplatz.de\/en\/a\/","title":{"rendered":"A"},"content":{"rendered":"<div data-elementor-type=\"wp-page\" data-elementor-id=\"336\" class=\"elementor elementor-336\">\n\t\t\t\t\t\t<div class=\"elementor-inner\">\n\t\t\t\t<div class=\"elementor-section-wrap\">\n\t\t\t\t\t\t\t\t\t<section class=\"elementor-section elementor-top-section elementor-element elementor-element-0ac435a elementor-section-boxed elementor-section-height-default elementor-section-height-default\" data-id=\"0ac435a\" data-element_type=\"section\">\n\t\t\t\t\t\t<div class=\"elementor-container elementor-column-gap-default\">\n\t\t\t\t\t\t\t<div class=\"elementor-row\">\n\t\t\t\t\t<div class=\"elementor-column elementor-col-100 elementor-top-column elementor-element elementor-element-3ce6c25\" data-id=\"3ce6c25\" data-element_type=\"column\">\n\t\t\t<div class=\"elementor-column-wrap elementor-element-populated\">\n\t\t\t\t\t\t\t<div class=\"elementor-widget-wrap\">\n\t\t\t\t\t\t<div class=\"elementor-element elementor-element-81b3b17 elementor-widget elementor-widget-heading\" data-id=\"81b3b17\" data-element_type=\"widget\" data-widget_type=\"heading.default\">\n\t\t\t\t<div class=\"elementor-widget-container\">\n\t\t\t<h2 class=\"elementor-heading-title elementor-size-default\">Class A<\/h2>\t\t<\/div>\n\t\t\t\t<\/div>\n\t\t\t\t\t\t<\/div>\n\t\t\t\t\t<\/div>\n\t\t<\/div>\n\t\t\t\t\t\t\t\t<\/div>\n\t\t\t\t\t<\/div>\n\t\t<\/section>\n\t\t\t\t<section class=\"elementor-section elementor-top-section elementor-element elementor-element-e6a4d65 elementor-section-boxed elementor-section-height-default elementor-section-height-default\" data-id=\"e6a4d65\" data-element_type=\"section\">\n\t\t\t\t\t\t<div class=\"elementor-container elementor-column-gap-default\">\n\t\t\t\t\t\t\t<div class=\"elementor-row\">\n\t\t\t\t\t<div class=\"elementor-column elementor-col-50 elementor-top-column elementor-element elementor-element-446dbf8\" data-id=\"446dbf8\" data-element_type=\"column\">\n\t\t\t<div class=\"elementor-column-wrap elementor-element-populated\">\n\t\t\t\t\t\t\t<div class=\"elementor-widget-wrap\">\n\t\t\t\t\t\t<div class=\"elementor-element elementor-element-51a37cf elementor-widget elementor-widget-heading\" data-id=\"51a37cf\" data-element_type=\"widget\" data-widget_type=\"heading.default\">\n\t\t\t\t<div class=\"elementor-widget-container\">\n\t\t\t<h2 class=\"elementor-heading-title elementor-size-default\">Description<\/h2>\t\t<\/div>\n\t\t\t\t<\/div>\n\t\t\t\t<div class=\"elementor-element elementor-element-e81877d elementor-widget elementor-widget-text-editor\" data-id=\"e81877d\" data-element_type=\"widget\" data-widget_type=\"text-editor.default\">\n\t\t\t\t<div class=\"elementor-widget-container\">\n\t\t\t\t\t\t\t\t<div class=\"elementor-text-editor elementor-clearfix\">\n\t\t\t\t<div class=\"page\" title=\"Page 1\"><div class=\"layoutArea\"><div class=\"column\"><p>Motorcycles - two-wheelers, also with sidecars - with<br \/>a cubic capacity of more than 50 cm3 or a maximum design speed of more than 45 km\/h (engine power of more than 35 kW or ratio of power to weight (unladen mass) of more than 0.2 kW\/kg).<\/p><\/div><\/div><\/div>\t\t\t\t\t<\/div>\n\t\t\t\t\t\t<\/div>\n\t\t\t\t<\/div>\n\t\t\t\t<div class=\"elementor-element elementor-element-4c8a6f1 elementor-widget elementor-widget-heading\" data-id=\"4c8a6f1\" data-element_type=\"widget\" data-widget_type=\"heading.default\">\n\t\t\t\t<div class=\"elementor-widget-container\">\n\t\t\t<h2 class=\"elementor-heading-title elementor-size-default\">Prerequisite<\/h2>\t\t<\/div>\n\t\t\t\t<\/div>\n\t\t\t\t<div class=\"elementor-element elementor-element-e23a2dd elementor-widget elementor-widget-text-editor\" data-id=\"e23a2dd\" data-element_type=\"widget\" data-widget_type=\"text-editor.default\">\n\t\t\t\t<div class=\"elementor-widget-container\">\n\t\t\t\t\t\t\t\t<div class=\"elementor-text-editor elementor-clearfix\">\n\t\t\t\t<div class=\"page\" title=\"Page 1\">\n<div class=\"layoutArea\">\n<div class=\"column\">\n<p>24 years for direct entry<\/p><p>Previous holder of category A2 under 24 years<\/p>\n<\/div>\n<\/div>\n<\/div>\t\t\t\t\t<\/div>\n\t\t\t\t\t\t<\/div>\n\t\t\t\t<\/div>\n\t\t\t\t<div class=\"elementor-element elementor-element-b495f96 elementor-widget elementor-widget-heading\" data-id=\"b495f96\" data-element_type=\"widget\" data-widget_type=\"heading.default\">\n\t\t\t\t<div class=\"elementor-widget-container\">\n\t\t\t<h2 class=\"elementor-heading-title elementor-size-default\">Classes included<\/h2>\t\t<\/div>\n\t\t\t\t<\/div>\n\t\t\t\t<div class=\"elementor-element elementor-element-74e32a7 elementor-widget elementor-widget-text-editor\" data-id=\"74e32a7\" data-element_type=\"widget\" data-widget_type=\"text-editor.default\">\n\t\t\t\t<div class=\"elementor-widget-container\">\n\t\t\t\t\t\t\t\t<div class=\"elementor-text-editor elementor-clearfix\">\n\t\t\t\t<p>A2, A1 and AM<\/p>\t\t\t\t\t<\/div>\n\t\t\t\t\t\t<\/div>\n\t\t\t\t<\/div>\n\t\t\t\t<div class=\"elementor-element elementor-element-58443f5 elementor-widget elementor-widget-heading\" data-id=\"58443f5\" data-element_type=\"widget\" data-widget_type=\"heading.default\">\n\t\t\t\t<div class=\"elementor-widget-container\">\n\t\t\t<h2 class=\"elementor-heading-title elementor-size-default\">Required documents<\/h2>\t\t<\/div>\n\t\t\t\t<\/div>\n\t\t\t\t<div class=\"elementor-element elementor-element-f5ec680 elementor-widget elementor-widget-text-editor\" data-id=\"f5ec680\" data-element_type=\"widget\" data-widget_type=\"text-editor.default\">\n\t\t\t\t<div class=\"elementor-widget-container\">\n\t\t\t\t\t\t\t\t<div class=\"elementor-text-editor elementor-clearfix\">\n\t\t\t\t<p><span style=\"font-size: 17px;\">\u2013 Eye test<\/span><\/p><p><span style=\"font-size: 17px;\">\u2013 Passport photo<\/span><\/p><p><span style=\"font-size: 17px;\">\u2013 First aid course<\/span><\/p><p>\u2013 Copy of the old driver's license (in case of extension)<\/p><p>\u2013 Copy of the identity card<\/p>\t\t\t\t\t<\/div>\n\t\t\t\t\t\t<\/div>\n\t\t\t\t<\/div>\n\t\t\t\t\t\t<\/div>\n\t\t\t\t\t<\/div>\n\t\t<\/div>\n\t\t\t\t<div class=\"elementor-column elementor-col-50 elementor-top-column elementor-element elementor-element-0259107\" data-id=\"0259107\" data-element_type=\"column\">\n\t\t\t<div class=\"elementor-column-wrap elementor-element-populated\">\n\t\t\t\t\t\t\t<div class=\"elementor-widget-wrap\">\n\t\t\t\t\t\t<div class=\"elementor-element elementor-element-44aebe7 elementor-widget elementor-widget-image\" data-id=\"44aebe7\" data-element_type=\"widget\" data-widget_type=\"image.default\">\n\t\t\t\t<div class=\"elementor-widget-container\">\n\t\t\t\t\t\t\t\t<div class=\"elementor-image\">\n\t\t\t\t\t\t\t\t\t\t\t\t<img loading=\"lazy\" decoding=\"async\" width=\"562\" height=\"848\" src=\"https:\/\/fahrschule-am-ostendplatz.de\/wp-content\/uploads\/2020\/07\/Bildschirmfoto-2020-07-08-um-21.16.36.png\" class=\"attachment-large size-large\" alt=\"\" srcset=\"https:\/\/fahrschule-am-ostendplatz.de\/wp-content\/uploads\/2020\/07\/Bildschirmfoto-2020-07-08-um-21.16.36.png 562w, https:\/\/fahrschule-am-ostendplatz.de\/wp-content\/uploads\/2020\/07\/Bildschirmfoto-2020-07-08-um-21.16.36-199x300.png 199w\" sizes=\"(max-width: 562px) 100vw, 562px\" \/>\t\t\t\t\t\t\t\t\t\t\t\t\t\t<\/div>\n\t\t\t\t\t\t<\/div>\n\t\t\t\t<\/div>\n\t\t\t\t\t\t<\/div>\n\t\t\t\t\t<\/div>\n\t\t<\/div>\n\t\t\t\t\t\t\t\t<\/div>\n\t\t\t\t\t<\/div>\n\t\t<\/section>\n\t\t\t\t<section class=\"elementor-section elementor-top-section elementor-element elementor-element-9dbf81b elementor-section-boxed elementor-section-height-default elementor-section-height-default\" data-id=\"9dbf81b\" data-element_type=\"section\">\n\t\t\t\t\t\t<div class=\"elementor-container elementor-column-gap-default\">\n\t\t\t\t\t\t\t<div class=\"elementor-row\">\n\t\t\t\t\t<div class=\"elementor-column elementor-col-50 elementor-top-column elementor-element elementor-element-bc301fb\" data-id=\"bc301fb\" data-element_type=\"column\">\n\t\t\t<div class=\"elementor-column-wrap elementor-element-populated\">\n\t\t\t\t\t\t\t<div class=\"elementor-widget-wrap\">\n\t\t\t\t\t\t<div class=\"elementor-element elementor-element-5b4b447 elementor-widget elementor-widget-heading\" data-id=\"5b4b447\" data-element_type=\"widget\" data-widget_type=\"heading.default\">\n\t\t\t\t<div class=\"elementor-widget-container\">\n\t\t\t<h2 class=\"elementor-heading-title elementor-size-default\">Our vehicle<\/h2>\t\t<\/div>\n\t\t\t\t<\/div>\n\t\t\t\t<div class=\"elementor-element elementor-element-ff91d2b elementor-widget elementor-widget-text-editor\" data-id=\"ff91d2b\" data-element_type=\"widget\" data-widget_type=\"text-editor.default\">\n\t\t\t\t<div class=\"elementor-widget-container\">\n\t\t\t\t\t\t\t\t<div class=\"elementor-text-editor elementor-clearfix\">\n\t\t\t\t<p>Kawasaki Z650<\/p>\t\t\t\t\t<\/div>\n\t\t\t\t\t\t<\/div>\n\t\t\t\t<\/div>\n\t\t\t\t\t\t<\/div>\n\t\t\t\t\t<\/div>\n\t\t<\/div>\n\t\t\t\t<div class=\"elementor-column elementor-col-50 elementor-top-column elementor-element elementor-element-0fe4a1e\" data-id=\"0fe4a1e\" data-element_type=\"column\">\n\t\t\t<div class=\"elementor-column-wrap elementor-element-populated\">\n\t\t\t\t\t\t\t<div class=\"elementor-widget-wrap\">\n\t\t\t\t\t\t<div class=\"elementor-element elementor-element-4f208f4 elementor-widget elementor-widget-image\" data-id=\"4f208f4\" data-element_type=\"widget\" data-widget_type=\"image.default\">\n\t\t\t\t<div class=\"elementor-widget-container\">\n\t\t\t\t\t\t\t\t<div class=\"elementor-image\">\n\t\t\t\t\t\t\t\t\t\t\t\t<img loading=\"lazy\" decoding=\"async\" width=\"985\" height=\"610\" src=\"https:\/\/fahrschule-am-ostendplatz.de\/wp-content\/uploads\/2020\/07\/Bildschirmfoto-2020-07-08-um-21.19.41.png\" class=\"attachment-large size-large\" alt=\"\" srcset=\"https:\/\/fahrschule-am-ostendplatz.de\/wp-content\/uploads\/2020\/07\/Bildschirmfoto-2020-07-08-um-21.19.41.png 985w, https:\/\/fahrschule-am-ostendplatz.de\/wp-content\/uploads\/2020\/07\/Bildschirmfoto-2020-07-08-um-21.19.41-300x186.png 300w, https:\/\/fahrschule-am-ostendplatz.de\/wp-content\/uploads\/2020\/07\/Bildschirmfoto-2020-07-08-um-21.19.41-768x476.png 768w\" sizes=\"(max-width: 985px) 100vw, 985px\" \/>\t\t\t\t\t\t\t\t\t\t\t\t\t\t<\/div>\n\t\t\t\t\t\t<\/div>\n\t\t\t\t<\/div>\n\t\t\t\t\t\t<\/div>\n\t\t\t\t\t<\/div>\n\t\t<\/div>\n\t\t\t\t\t\t\t\t<\/div>\n\t\t\t\t\t<\/div>\n\t\t<\/section>\n\t\t\t\t<section class=\"elementor-section elementor-top-section elementor-element elementor-element-e3eae2f elementor-section-boxed elementor-section-height-default elementor-section-height-default\" data-id=\"e3eae2f\" data-element_type=\"section\">\n\t\t\t\t\t\t<div class=\"elementor-container elementor-column-gap-default\">\n\t\t\t\t\t\t\t<div class=\"elementor-row\">\n\t\t\t\t\t<div class=\"elementor-column elementor-col-100 elementor-top-column elementor-element elementor-element-d00a080\" data-id=\"d00a080\" data-element_type=\"column\">\n\t\t\t<div class=\"elementor-column-wrap elementor-element-populated\">\n\t\t\t\t\t\t\t<div class=\"elementor-widget-wrap\">\n\t\t\t\t\t\t<div class=\"elementor-element elementor-element-6845e2c elementor-widget elementor-widget-spacer\" data-id=\"6845e2c\" data-element_type=\"widget\" data-widget_type=\"spacer.default\">\n\t\t\t\t<div class=\"elementor-widget-container\">\n\t\t\t\t\t<div class=\"elementor-spacer\">\n\t\t\t<div class=\"elementor-spacer-inner\"><\/div>\n\t\t<\/div>\n\t\t\t\t<\/div>\n\t\t\t\t<\/div>\n\t\t\t\t\t\t<\/div>\n\t\t\t\t\t<\/div>\n\t\t<\/div>\n\t\t\t\t\t\t\t\t<\/div>\n\t\t\t\t\t<\/div>\n\t\t<\/section>\n\t\t\t\t\t\t\t\t\t<\/div>\n\t\t\t<\/div>\n\t\t\t\t\t<\/div>","protected":false},"excerpt":{"rendered":"<p>Klasse A Beschreibung Kraftr\u00e4der &#8211; Zweir\u00e4der, auch mit Beiwagen &#8211; mit einem Hubraum von mehr als 50 cm3 oder einer bauartbedingten H\u00f6chstgeschwindigkeit von mehr als 45 km\/h (Motorleistung von mehr als 35 kW oder Verh\u00e4ltnis der Leistung zum Gewicht (Leermasse) mehr als 0,2 kW\/kg). Voraussetzung 24 Jahre f\u00fcr Direkteinstieg Vorbesitze Klasse A2 unter 24 Jahre [&hellip;]<\/p>","protected":false},"author":1,"featured_media":0,"parent":0,"menu_order":0,"comment_status":"closed","ping_status":"closed","template":"","meta":{"footnotes":""},"class_list":["post-336","page","type-page","status-publish","hentry","entry"],"_links":{"self":[{"href":"https:\/\/fahrschule-am-ostendplatz.de\/en\/wp-json\/wp\/v2\/pages\/336"}],"collection":[{"href":"https:\/\/fahrschule-am-ostendplatz.de\/en\/wp-json\/wp\/v2\/pages"}],"about":[{"href":"https:\/\/fahrschule-am-ostendplatz.de\/en\/wp-json\/wp\/v2\/types\/page"}],"author":[{"embeddable":true,"href":"https:\/\/fahrschule-am-ostendplatz.de\/en\/wp-json\/wp\/v2\/users\/1"}],"replies":[{"embeddable":true,"href":"https:\/\/fahrschule-am-ostendplatz.de\/en\/wp-json\/wp\/v2\/comments?post=336"}],"version-history":[{"count":12,"href":"https:\/\/fahrschule-am-ostendplatz.de\/en\/wp-json\/wp\/v2\/pages\/336\/revisions"}],"predecessor-version":[{"id":407,"href":"https:\/\/fahrschule-am-ostendplatz.de\/en\/wp-json\/wp\/v2\/pages\/336\/revisions\/407"}],"wp:attachment":[{"href":"https:\/\/fahrschule-am-ostendplatz.de\/en\/wp-json\/wp\/v2\/media?parent=336"}],"curies":[{"name":"wp","href":"https:\/\/api.w.org\/{rel}","templated":true}]}}